{"id":2,"date":"2025-10-10T06:41:16","date_gmt":"2025-10-10T06:41:16","guid":{"rendered":"https:\/\/www.irmavandenpoel.com\/?page_id=2"},"modified":"2026-04-13T08:58:40","modified_gmt":"2026-04-13T08:58:40","slug":"sample-page","status":"publish","type":"page","link":"https:\/\/www.irmavandenpoel.com\/?page_id=2","title":{"rendered":"About &amp; contact"},"content":{"rendered":"\n<div class=\"wp-block-columns alignwide has-medium-font-size is-layout-flex wp-container-core-columns-is-layout-e0e4babd wp-block-columns-is-layout-flex\" style=\"padding-right:0;padding-left:0\">\n<div class=\"wp-block-column is-layout-flow wp-block-column-is-layout-flow\" style=\"flex-basis:30%\">\n<figure class=\"wp-block-image\"><img loading=\"lazy\" decoding=\"async\" width=\"768\" height=\"1024\" src=\"https:\/\/www.irmavandenpoel.com\/wp-content\/uploads\/2025\/10\/irma-1-ljusare-768x1024.jpg\" alt=\"\" class=\"wp-image-79\" srcset=\"https:\/\/www.irmavandenpoel.com\/wp-content\/uploads\/2025\/10\/irma-1-ljusare-768x1024.jpg 768w, https:\/\/www.irmavandenpoel.com\/wp-content\/uploads\/2025\/10\/irma-1-ljusare-225x300.jpg 225w, https:\/\/www.irmavandenpoel.com\/wp-content\/uploads\/2025\/10\/irma-1-ljusare-1152x1536.jpg 1152w, https:\/\/www.irmavandenpoel.com\/wp-content\/uploads\/2025\/10\/irma-1-ljusare-1536x2048.jpg 1536w, https:\/\/www.irmavandenpoel.com\/wp-content\/uploads\/2025\/10\/irma-1-ljusare-500x667.jpg 500w, https:\/\/www.irmavandenpoel.com\/wp-content\/uploads\/2025\/10\/irma-1-ljusare-800x1067.jpg 800w, https:\/\/www.irmavandenpoel.com\/wp-content\/uploads\/2025\/10\/irma-1-ljusare-1280x1707.jpg 1280w, https:\/\/www.irmavandenpoel.com\/wp-content\/uploads\/2025\/10\/irma-1-ljusare-scaled.jpg 1920w\" sizes=\"auto, (max-width: 768px) 100vw, 768px\" \/><figcaption class=\"wp-element-caption\">Photo: <a href=\"https:\/\/qute.se\/photographer\/joel-ekstrom\/\">Joel Ekstr\u00f6m<\/a><\/figcaption><\/figure>\n<\/div>\n\n\n\n<div class=\"wp-block-column is-layout-flow wp-block-column-is-layout-flow\" style=\"flex-basis:70%\">\n<p class=\"has-extra-large-font-size\">Irma Van den Poel is a comic artist and illustrator based in Stockholm, Sweden.&nbsp;<\/p>\n\n\n\n<p class=\"has-normal-font-size\">Her work is characterised by its intricate details, vibrant colors, and a strong focus on character-driven storytelling.&nbsp;<\/p>\n\n\n\n<p class=\"has-normal-font-size\">Irma gravitates towards printed media, often creating illustrations for books, magazines, and articles. She has published several comics in collaboration with other authors.<\/p>\n\n\n\n<p class=\"has-normal-font-size\">Select customers consists of Svenska Kyrkan, Musik i Syd, L\u00e4nsmusiken i Stockholm, Kolonitr\u00e4dg\u00e5rdsf\u00f6rbundet and V\u00e4sterbergslagens Kulturskola.<\/p>\n\n\n\n<p class=\"has-normal-font-size\">Email Irma at <a href=\"mailto:irma@vandenpoel.se\"><strong>irma@vandenpoel.se<\/strong><\/a> and check out her <a href=\"https:\/\/www.instagram.com\/irmavandenpoel\/\"><strong>Instagram<\/strong>.<\/a><\/p>\n<\/div>\n<\/div>\n\n\n\n<h2 class=\"wp-block-heading alignwide has-text-align-left\">Published works<\/h2>\n\n\n\n<div class=\"wp-block-group alignwide is-style-default is-layout-grid wp-container-core-group-is-layout-01071667 wp-block-group-is-layout-grid\">\n<figure class=\"wp-block-image size-large is-style-tove-shaded\"><a href=\"https:\/\/www.nyponochviljaforlag.se\/lattlast-for-unga-vuxna-och-vuxna\/lattlast-pa-svenska\/om-livet\/samtycke\/\"><img loading=\"lazy\" decoding=\"async\" width=\"730\" height=\"1024\" src=\"https:\/\/www.irmavandenpoel.com\/wp-content\/uploads\/2025\/10\/Dilemmaserier_samtycke_omslag-730x1024.jpg\" alt=\"\" class=\"wp-image-22\" srcset=\"https:\/\/www.irmavandenpoel.com\/wp-content\/uploads\/2025\/10\/Dilemmaserier_samtycke_omslag-730x1024.jpg 730w, https:\/\/www.irmavandenpoel.com\/wp-content\/uploads\/2025\/10\/Dilemmaserier_samtycke_omslag-214x300.jpg 214w, https:\/\/www.irmavandenpoel.com\/wp-content\/uploads\/2025\/10\/Dilemmaserier_samtycke_omslag-768x1077.jpg 768w, https:\/\/www.irmavandenpoel.com\/wp-content\/uploads\/2025\/10\/Dilemmaserier_samtycke_omslag-1095x1536.jpg 1095w, https:\/\/www.irmavandenpoel.com\/wp-content\/uploads\/2025\/10\/Dilemmaserier_samtycke_omslag-1460x2048.jpg 1460w, https:\/\/www.irmavandenpoel.com\/wp-content\/uploads\/2025\/10\/Dilemmaserier_samtycke_omslag.jpg 1819w\" sizes=\"auto, (max-width: 730px) 100vw, 730px\" \/><\/a><figcaption class=\"wp-element-caption\"><strong><span style=\"text-decoration: underline;\"><a href=\"https:\/\/www.nyponochviljaforlag.se\/lattlast-for-unga-vuxna-och-vuxna\/lattlast-pa-svenska\/om-livet\/samtycke\/\">Samtycke<\/a><\/span><\/strong><br>Anna Ahlund, Irma Van den Poel<br>2024, Nypon f\u00f6rlag<\/figcaption><\/figure>\n\n\n\n<figure class=\"wp-block-image size-large is-style-tove-shaded\"><a href=\"https:\/\/www.nyponochviljaforlag.se\/lattlast-for-barn-och-unga\/lattlast-pa-svenska\/om-livet\/sexualitet\/\"><img loading=\"lazy\" decoding=\"async\" width=\"730\" height=\"1024\" src=\"https:\/\/www.irmavandenpoel.com\/wp-content\/uploads\/2025\/10\/Omslag-Dilemma-Sexualitet-730x1024.jpg\" alt=\"\" class=\"wp-image-585\" srcset=\"https:\/\/www.irmavandenpoel.com\/wp-content\/uploads\/2025\/10\/Omslag-Dilemma-Sexualitet-730x1024.jpg 730w, https:\/\/www.irmavandenpoel.com\/wp-content\/uploads\/2025\/10\/Omslag-Dilemma-Sexualitet-214x300.jpg 214w, https:\/\/www.irmavandenpoel.com\/wp-content\/uploads\/2025\/10\/Omslag-Dilemma-Sexualitet-768x1077.jpg 768w, https:\/\/www.irmavandenpoel.com\/wp-content\/uploads\/2025\/10\/Omslag-Dilemma-Sexualitet-1095x1536.jpg 1095w, https:\/\/www.irmavandenpoel.com\/wp-content\/uploads\/2025\/10\/Omslag-Dilemma-Sexualitet-1460x2048.jpg 1460w, https:\/\/www.irmavandenpoel.com\/wp-content\/uploads\/2025\/10\/Omslag-Dilemma-Sexualitet-500x701.jpg 500w, https:\/\/www.irmavandenpoel.com\/wp-content\/uploads\/2025\/10\/Omslag-Dilemma-Sexualitet-800x1122.jpg 800w, https:\/\/www.irmavandenpoel.com\/wp-content\/uploads\/2025\/10\/Omslag-Dilemma-Sexualitet-1280x1795.jpg 1280w, https:\/\/www.irmavandenpoel.com\/wp-content\/uploads\/2025\/10\/Omslag-Dilemma-Sexualitet.jpg 1819w\" sizes=\"auto, (max-width: 730px) 100vw, 730px\" \/><\/a><figcaption class=\"wp-element-caption\"><strong><span style=\"text-decoration: underline;\"><a href=\"https:\/\/www.nyponochviljaforlag.se\/lattlast-for-barn-och-unga\/lattlast-pa-svenska\/om-livet\/sexualitet\/\">Sexualitet<\/a><\/span><\/strong><br>Anna Ahlund, Irma Van den Poel<br>2025, Nypon f\u00f6rlag<\/figcaption><\/figure>\n\n\n\n<figure class=\"wp-block-image size-large is-style-tove-shaded\"><a href=\"https:\/\/www.hackathonsurvivalguide.com\/\"><img loading=\"lazy\" decoding=\"async\" width=\"683\" height=\"1024\" src=\"https:\/\/www.irmavandenpoel.com\/wp-content\/uploads\/2025\/10\/thsg_frontcover-683x1024.jpg\" alt=\"\" class=\"wp-image-46\" srcset=\"https:\/\/www.irmavandenpoel.com\/wp-content\/uploads\/2025\/10\/thsg_frontcover-683x1024.jpg 683w, https:\/\/www.irmavandenpoel.com\/wp-content\/uploads\/2025\/10\/thsg_frontcover-200x300.jpg 200w, https:\/\/www.irmavandenpoel.com\/wp-content\/uploads\/2025\/10\/thsg_frontcover-768x1152.jpg 768w, https:\/\/www.irmavandenpoel.com\/wp-content\/uploads\/2025\/10\/thsg_frontcover-1024x1536.jpg 1024w, https:\/\/www.irmavandenpoel.com\/wp-content\/uploads\/2025\/10\/thsg_frontcover.jpg 1188w\" sizes=\"auto, (max-width: 683px) 100vw, 683px\" \/><\/a><figcaption class=\"wp-element-caption\"><strong><span style=\"text-decoration: underline;\"><a href=\"https:\/\/www.hackathonsurvivalguide.com\/\" data-type=\"link\" data-id=\"https:\/\/www.hackathonsurvivalguide.com\/\">The Hackathon Survival Guide<\/a><\/span><\/strong><br>Samuel Larsen-Disney, Irma Van den Poel<br>2022, self published<\/figcaption><\/figure>\n<\/div>\n\n\n\n<h1 class=\"wp-block-heading alignwide\">CV<\/h1>\n\n\n\n<div class=\"wp-block-columns alignwide is-layout-flex wp-container-core-columns-is-layout-28f84493 wp-block-columns-is-layout-flex\">\n<div class=\"wp-block-column is-layout-flow wp-block-column-is-layout-flow\">\n<h4 class=\"wp-block-heading\">Education<\/h4>\n\n\n\n<p><strong>2021<\/strong><br><strong>Internship at Story House Egmont<br><\/strong>Editorial\/creative work in the Bamse division, including writing comic manuscripts and creating artwork, creative directing for Bamse covers, and various editorial tasks.<\/p>\n\n\n\n<p><strong>2019<\/strong><br><strong>Comic workshop at Center of Cartoon Studies<\/strong><br>Based in Vermont, this workshop does an intense, week-long deep-dive into famous cartoonists, drawing techniques and page layouts, resulting in my comic&nbsp;<a href=\"https:\/\/www.irmavandenpoel.com\/2022\/04\/01\/beauty-standards-and-pedophilia\/\">Beauty Standards and Pedophilia<\/a>.<\/p>\n\n\n\n<p><strong>2017-2021<\/strong><br><strong>BA in Graphic Storytelling, The Animation Workshop, VIA University College<\/strong><br>I learnt about visual storytelling in both long- and short form, script-writing, applied cartooning, world building, and many more ways to tell a story through the means of art.<\/p>\n<\/div>\n\n\n\n<div class=\"wp-block-column is-layout-flow wp-block-column-is-layout-flow\">\n<h4 class=\"wp-block-heading\">Commissions<\/h4>\n\n\n\n<p><strong><a href=\"https:\/\/www.irmavandenpoel.com\/?p=36\"><em>HuddleHive poster<\/em><br><\/a><\/strong><em>2025, HuddleHive<\/em><br>Poster for a Hackathon event.<\/p>\n\n\n\n<p><strong><a href=\"https:\/\/www.irmavandenpoel.com\/?p=14\">Lund Choral Festival map<\/a><\/strong><br><em>2025, Musik i Syd<\/em><br>Map for the 2025 Lund choral festival program.<\/p>\n\n\n\n<p><strong><a href=\"https:\/\/www.irmavandenpoel.com\/2025\/04\/24\/trablasfrossa-poster\/\"><em>Tr\u00e4bl\u00e5sfrossa poster<\/em><\/a><br><\/strong><em>2025, Jonas N\u00e4slund AB<\/em><br>Poster for V\u00e4sterbergslagens kulturskola.<\/p>\n\n\n\n<p><strong><em><a href=\"https:\/\/www.irmavandenpoel.com\/2024\/01\/29\/christmas-card\/\">The&nbsp;<\/a><a href=\"https:\/\/www.irmavandenpoel.com\/2024\/11\/19\/the-shagadelic\/\">Shagadelic<\/a><\/em><\/strong><br><em>2024, Tweed \u2013 Gentlemen\u2019s clothier<\/em><br>Logo design for a&nbsp;<a href=\"https:\/\/tweed.se\/products\/the-shagadelic-brushed-shetland-crewneck-pecan?_pos=2&amp;_sid=7a318c2d6&amp;_ss=r\">sweater<\/a>.<\/p>\n\n\n\n<p><strong><em><a href=\"https:\/\/www.irmavandenpoel.com\/2024\/01\/29\/christmas-card\/\">Christmas card<\/a><\/em><\/strong><br><em>2023, Jonas N\u00e4slund AB<\/em><br>Woodwind-themed Christmas card.<\/p>\n\n\n\n<p><strong><em><a href=\"https:\/\/www.irmavandenpoel.com\/2023\/04\/21\/packing-tape-design\/\">Packing tape illustration<\/a><\/em><\/strong><br><em>2023, Jonas N\u00e4slund AB<\/em><br>Illustration to utilise on website, social media, and as a personalised packing tape.<\/p>\n\n\n\n<p><strong><em><a href=\"https:\/\/www.irmavandenpoel.com\/2023\/01\/23\/captur-portraits\/\">Portraits<\/a><\/em><\/strong><br><em>2023, CAPTUR LTD<\/em><br>Portraits of the employees at&nbsp;<a href=\"https:\/\/www.captur.ai\/\">captur.ai<\/a>.<\/p>\n\n\n\n<p><strong><em>Ad for Symfoni<\/em><\/strong><br><em>2022, Jonas N\u00e4slund AB<br><\/em>Magazine ad celebrating the anniversary of Jonas N\u00e4slund AB, Symfoni #3.<\/p>\n\n\n\n<p><strong><em>Ad for Musikant<\/em><\/strong><br><em>2022, Jonas N\u00e4slund AB<br><\/em>Magazine ad celebrating the anniversary of Jonas N\u00e4slund AB, Musikant #3.<\/p>\n\n\n\n<p><strong><em><a href=\"https:\/\/www.irmavandenpoel.com\/2022\/04\/01\/make-music-not-war\/\">Make Music Not War<\/a><\/em><br><\/strong><em>2022, Jonas N\u00e4slund AB<br><\/em>Anniversary poster for woodwind repair shop Jonas N\u00e4slund AB.<\/p>\n\n\n\n<p><strong>Alice Tegn\u00e9r songs<\/strong><br><em>2021, L\u00e4nsmusiken i Stockholm<br><\/em>Scene costumes for a woodwind quintet performing in a kids\u2019 concert.<\/p>\n\n\n\n<p><a href=\"https:\/\/www.irmavandenpoel.com\/2022\/04\/04\/sam-larsen-disney\/\"><strong>Website illustrations<\/strong><br><\/a><em>2021, Sam Larsen-Disney<\/em><br>Cartoonified versions of Sam himself, spread throughout his website&nbsp;<a href=\"https:\/\/sld.codes\/\">sld.codes<\/a>.<\/p>\n\n\n\n<p><strong><em>Gravid! Hvad nu?<\/em><br><\/strong><em>2020, M\u00f8drehj\u00e6lpen<br><\/em>Three comics in an Instagram-friendly format, explaining how M\u00f8drehj\u00e6lpen can help expecting parents.<\/p>\n<\/div>\n\n\n\n<div class=\"wp-block-column is-layout-flow wp-block-column-is-layout-flow\">\n<h4 class=\"wp-block-heading\">Publications<\/h4>\n\n\n\n<p><strong><em><a href=\"https:\/\/www.nyponochviljaforlag.se\/lattlast-for-barn-och-unga\/lattlast-pa-svenska\/om-livet\/sexualitet\/\" target=\"_blank\" rel=\"noreferrer noopener\">Dilemmaserier: Sexualitet<\/a><br><\/em><\/strong><em><em>2025, Nypon f\u00f6rlag<\/em><br><\/em>Educational material exploring the theme of sexuality for young adults.<\/p>\n\n\n\n<p><strong><em><a href=\"https:\/\/www.irmavandenpoel.com\/2025\/04\/03\/kolonitradgarden\/\">Tr\u00e4dg\u00e5rdsm\u00e4ssan 1\/2025<\/a><br><\/em><\/strong><em>Kolonitr\u00e4dg\u00e5rdsf\u00f6rbundet<br><\/em>Cover art and booth installation for Kolonitr\u00e4dg\u00e5rdsf\u00f6rbundet.<\/p>\n\n\n\n<p><strong><em><a href=\"https:\/\/www.nyponochviljaforlag.se\/lattlast\/lattlast-for-unga-vuxna-och-vuxna\/lattlast-pa-svenska\/om-livet\/samtycke\/\">Dilemmaserier: Samtycke<\/a><br><\/em><\/strong><em>2024, Nypon f\u00f6rlag<br><\/em>Educational material exploring the theme of consent for young adults.<\/p>\n\n\n\n<p><strong><em>Stj\u00e4rn-tr\u00f6jan<br><\/em><\/strong><em>2024, Bamse 7\/24, Story House Egmont<br><\/em>Script-writing for a Bamse-story.<\/p>\n\n\n\n<p><strong><em>Illustration for an article in Hopp<br><\/em><\/strong><em>2023, Uppsala pastorat<br><\/em>Editorial illustration introducing the church\u2019s handbook in sign language.<\/p>\n\n\n\n<p><strong><em>Vad \u00e4r viktigast?<br><\/em><\/strong><em>2023, Bamse 8\/23, Story House Egmont<br><\/em>Scriptwriting for a Bamse-story.<\/p>\n\n\n\n<p><strong><em>Kr\u00f6sus och skruttcyklarna<br><\/em><\/strong><em>2023, Bamse 7\/23, Story House Egmont<br><\/em>Scriptwriting for a Bamse-story.<\/p>\n\n\n\n<p><strong><em><a href=\"https:\/\/www.irmavandenpoel.com\/2023\/04\/24\/magazine-cover\/\">Cover illustration Kyrkbladet<\/a><br><\/em><\/strong><em>2023, J\u00e4rna-V\u00e5rdinge pastorat<br><\/em>Illustration for a church magazine.<\/p>\n\n\n\n<p><strong><em>Virrvarr i Verkstaden<br><\/em><\/strong><em>2022, Bamse f\u00f6r de yngsta #9, Story House Egmont<br><\/em>Scriptwriting for a standalone Bamse story for younger readers.<\/p>\n\n\n\n<p><em><strong><a href=\"https:\/\/www.irmavandenpoel.com\/2022\/05\/31\/the-hackathon-survival-guide\/\">The Hackathon Survival Guide<\/a><\/strong><\/em><br><em>2022, self published at&nbsp;<a href=\"https:\/\/www.hackathonsurvivalguide.com\/\">hackathonsurvivalguide.com<\/a><br><\/em>With Sam Larsen-Disney\u2019s words and my illustrations, we present this handy guide for a successful Hackathon experience.<\/p>\n\n\n\n<p><em><strong>Bamses skola om f\u00f6rdomar<\/strong><\/em><br><em>2022, Bamse #4, Story House Egmont<br><\/em>Scriptwriting for&nbsp;<em>Bamses skola.<\/em><\/p>\n\n\n\n<p><a href=\"https:\/\/cobolt.dk\/shop\/naebdyr-721p.html?CookieConsentChanged=1\"><em><strong>Platypus<\/strong>&nbsp;<strong>anthology<\/strong><\/em><\/a><br><em>2021, Cobolt<\/em><br>Anthology comprising the bachelor projects of the Graphic Storytelling class of \u201917.<\/p>\n\n\n\n<p><a href=\"https:\/\/issuu.com\/jarnavardingepastorat\/docs\/kyrkobladet_nr_3_2021\"><strong>Cover<\/strong>&nbsp;<strong>art<\/strong><\/a><br>2021, Kyrkobladet #3,&nbsp;<em>J\u00e4rna-V\u00e5rdinge pastorat<\/em><\/p>\n\n\n\n<p><em><strong><a href=\"https:\/\/issuu.com\/jarnavardingepastorat\/docs\/kyrkobladet_nr_2_2021\">I v\u00e5ra bilder och f\u00f6rest\u00e4llningar om Jesus speglas bilderna av oss sj\u00e4lva<\/a><\/strong><\/em><br><em>2021, Kyrkobladet #2, J\u00e4rna-V\u00e5rdinge pastorat<br><\/em>Editorial illustration for a church magazine.<\/p>\n\n\n\n<p><strong><em><a href=\"https:\/\/www.linkedin.com\/in\/irma-van-den-poel-04988216a\/details\/experience\/1598951026538\/single-media-viewer\/?type=DOCUMENT&amp;profileId=ACoAAChaFbkBfNnqFENC5bQiDljy0awIza1xky0&amp;locale=en_US\">L\u00e6nge leve legen<\/a><\/em><br><\/strong><em>2019, P\u00e6dagogisk Extrakt #16<br><\/em>How do we integrate play into kids\u2019 education? Issue #16 of this danish magazine has illustrations and cover by me.<\/p>\n\n\n\n<p><strong><a href=\"https:\/\/www.linkedin.com\/in\/irma-van-den-poel-04988216a\/details\/experience\/1598950854474\/single-media-viewer\/?locale=en_US\"><em>Dannelse i en tech-tid<\/em><br><\/a><\/strong><em>2019, P\u00e6dagogisk Extrakt #15<br><\/em>Cover and illustrations to issue #15 exploring education in the technological age.<\/p>\n<\/div>\n<\/div>\n","protected":false},"excerpt":{"rendered":"<p>Irma Van den Poel is a comic artist and illustrator based in Stockholm, Sweden.&nbsp; Her work is characterised by its intricate details, vibrant colors, and a strong focus on character-driven storytelling.&nbsp; Irma gravitates towards printed media, often creating illustrations for books, magazines, and articles. She has published several comics in collaboration with other authors. Select [&hellip;]<\/p>\n","protected":false},"author":1,"featured_media":0,"parent":0,"menu_order":0,"comment_status":"closed","ping_status":"open","template":"","meta":{"_eb_attr":"","_monsterinsights_skip_tracking":false,"_monsterinsights_sitenote_active":false,"_monsterinsights_sitenote_note":"","_monsterinsights_sitenote_category":0,"_vp_format_video_url":"","_vp_image_focal_point":[],"footnotes":""},"class_list":["post-2","page","type-page","status-publish","hentry"],"_links":{"self":[{"href":"https:\/\/www.irmavandenpoel.com\/index.php?rest_route=\/wp\/v2\/pages\/2","targetHints":{"allow":["GET"]}}],"collection":[{"href":"https:\/\/www.irmavandenpoel.com\/index.php?rest_route=\/wp\/v2\/pages"}],"about":[{"href":"https:\/\/www.irmavandenpoel.com\/index.php?rest_route=\/wp\/v2\/types\/page"}],"author":[{"embeddable":true,"href":"https:\/\/www.irmavandenpoel.com\/index.php?rest_route=\/wp\/v2\/users\/1"}],"replies":[{"embeddable":true,"href":"https:\/\/www.irmavandenpoel.com\/index.php?rest_route=%2Fwp%2Fv2%2Fcomments&post=2"}],"version-history":[{"count":20,"href":"https:\/\/www.irmavandenpoel.com\/index.php?rest_route=\/wp\/v2\/pages\/2\/revisions"}],"predecessor-version":[{"id":588,"href":"https:\/\/www.irmavandenpoel.com\/index.php?rest_route=\/wp\/v2\/pages\/2\/revisions\/588"}],"wp:attachment":[{"href":"https:\/\/www.irmavandenpoel.com\/index.php?rest_route=%2Fwp%2Fv2%2Fmedia&parent=2"}],"curies":[{"name":"wp","href":"https:\/\/api.w.org\/{rel}","templated":true}]}}